{"id":2506,"date":"2023-08-28T10:25:47","date_gmt":"2023-08-28T10:25:47","guid":{"rendered":"https:\/\/hsdgyl.com\/?page_id=3"},"modified":"2023-08-28T10:25:47","modified_gmt":"2023-08-28T10:25:47","slug":"politica-de-privacidade","status":"publish","type":"page","link":"https:\/\/www.ytddp.com\/pt\/politica-de-privacidade","title":{"rendered":"pol\u00edtica de Privacidade"},"content":{"rendered":"<div data-elementor-type=\"wp-page\" data-elementor-id=\"2506\" class=\"elementor elementor-2506\" data-elementor-post-type=\"page\">\n\t\t\t\t\t\t<section class=\"elementor-section elementor-top-section elementor-element elementor-element-5e7427e7 elementor-section-boxed elementor-section-height-default elementor-section-height-default\" data-id=\"5e7427e7\" data-element_type=\"section\">\n\t\t\t\t\t\t<div class=\"elementor-container elementor-column-gap-default\">\n\t\t\t\t\t<div class=\"elementor-column elementor-col-100 elementor-top-column elementor-element elementor-element-293f2eac\" data-id=\"293f2eac\" data-element_type=\"column\">\n\t\t\t<div class=\"elementor-widget-wrap elementor-element-populated\">\n\t\t\t\t\t\t<div class=\"elementor-element elementor-element-62952d3e elementor-widget elementor-widget-text-editor\" data-id=\"62952d3e\" data-element_type=\"widget\" data-widget_type=\"text-editor.default\">\n\t\t\t\t<div class=\"elementor-widget-container\">\n\t\t\t\t\t\t\t\t\t\n<p>Bem-vindo ao site da HSD Logistics! Estamos comprometidos em proteger a privacidade de nossos visitantes com esta Pol\u00edtica de Privacidade. Por favor, certifique-se de ler esta Pol\u00edtica de Privacidade inteira antes de usar este site ou nos fornecer informa\u00e7\u00f5es. Esta Pol\u00edtica de Privacidade \u00e9 um trabalho em andamento e ser\u00e1 atualizada de tempos em tempos conforme expandimos o escopo de nossos servi\u00e7os. Convidamos voc\u00ea a voltar e revisar esta pol\u00edtica a qualquer momento.<\/p>\n<p><br \/>Consentimento<\/p>\n<p>Ao usar este site, voc\u00ea \u00e9 considerado como tendo concordado com os termos e condi\u00e7\u00f5es estabelecidos nesta Pol\u00edtica de Privacidade. Sempre que voc\u00ea fornece informa\u00e7\u00f5es por meio deste site, voc\u00ea \u00e9 considerado como tendo consentido com a coleta, uso e divulga\u00e7\u00e3o de tais informa\u00e7\u00f5es de acordo com esta Pol\u00edtica de Privacidade.<\/p>\n<p><br \/>Considera\u00e7\u00f5es especiais para menores<\/p>\n<p>Se voc\u00ea tem menos de 18 anos, n\u00e3o est\u00e1 autorizado a usar nossos servi\u00e7os e pedimos que n\u00e3o nos forne\u00e7a nenhuma informa\u00e7\u00e3o pessoal. Se voc\u00ea tem menos de 18 anos, s\u00f3 poder\u00e1 usar os Servi\u00e7os quando acompanhado por um dos pais ou respons\u00e1vel.<\/p>\n<p><br \/>Nome de usu\u00e1rio e senha<\/p>\n<p>Quando voc\u00ea pretende se registrar como um usu\u00e1rio, solicitamos que voc\u00ea preencha um nome de usu\u00e1rio e senha, e tamb\u00e9m forne\u00e7a informa\u00e7\u00f5es de verifica\u00e7\u00e3o de conta para confirmar sua identidade. Voc\u00ea s\u00f3 pode usar sua conta por meio de sua senha. Se voc\u00ea divulgar sua senha, poder\u00e1 perder suas informa\u00e7\u00f5es de identifica\u00e7\u00e3o pessoal e pode haver consequ\u00eancias que n\u00e3o sejam favor\u00e1veis a voc\u00ea. Portanto, se por qualquer motivo a seguran\u00e7a de sua senha for comprometida, voc\u00ea deve <a class=\"wpil_keyword_link\" href=\"https:\/\/www.ytddp.com\/pt\/contato\/\" title=\"Contate-nos\" data-wpil-keyword-link=\"linked\" data-wpil-monitor-id=\"298\" rel=\"nofollow noopener\" target=\"_blank\">Contate-nos<\/a> imediatamente atrav\u00e9s dos nossos dados de contato publicados.<\/p>\n<p><br \/>Informa\u00e7\u00f5es de registro<\/p>\n<p>Quando voc\u00ea se registra como um usu\u00e1rio Shunyou, pedimos que voc\u00ea preencha um formul\u00e1rio de registro. O formul\u00e1rio de registro pede detalhes como seu nome real, endere\u00e7o, n\u00famero de telefone e endere\u00e7o de e-mail.<\/p>\n<p><br \/>Coleta Autom\u00e1tica de Informa\u00e7\u00f5es<\/p>\n<p>Este site pode receber e registrar automaticamente informa\u00e7\u00f5es no seu navegador e computador, incluindo seu endere\u00e7o IP, informa\u00e7\u00f5es contidas nos cookies deste site, informa\u00e7\u00f5es sobre recursos de hardware e software e um registro das p\u00e1ginas que voc\u00ea solicita.<\/p>\n<p><br \/>Uso de Cookies<\/p>\n<p>Cookies s\u00e3o pequenas quantidades de dados que s\u00e3o enviadas para o seu navegador e armazenadas no disco r\u00edgido do seu computador no caso de voc\u00ea n\u00e3o rejeitar cookies. Usamos Cookies para armazenar dados sobre sua visita ao nosso site para que possamos reconhec\u00ea-lo quando voc\u00ea visitar ou revisitar nosso site e analisar os dados para fornecer a voc\u00ea servi\u00e7os melhores e mais completos. Voc\u00ea tem o direito de escolher aceitar ou rejeitar cookies, voc\u00ea pode modificar as configura\u00e7\u00f5es do seu navegador para rejeitar cookies, mas gostar\u00edamos de lembr\u00e1-lo de que, por rejeitar cookies, voc\u00ea pode n\u00e3o conseguir usar algumas das fun\u00e7\u00f5es do nosso site que dependem de cookies.<\/p>\n<p><br \/>Divulga\u00e7\u00e3o e uso de informa\u00e7\u00f5es<\/p>\n<p>1\u3001N\u00e3o forneceremos, venderemos, alugaremos, compartilharemos ou comercializaremos informa\u00e7\u00f5es pessoais dos usu\u00e1rios com terceiros n\u00e3o relacionados.<\/p>\n<p>2\u3001Voc\u00ea concorda que podemos divulgar ou usar suas informa\u00e7\u00f5es pessoais com a finalidade de identificar e\/ou confirmar sua identidade, ou resolver disputas, ou para ajudar a garantir a seguran\u00e7a do site, limitar atividades fraudulentas, ilegais ou outras atividades criminosas, para fazer cumprir nossa <a class=\"wpil_keyword_link\" href=\"https:\/\/www.ytddp.com\/pt\/servico\/\" title=\"servi\u00e7o\" data-wpil-keyword-link=\"linked\" data-wpil-monitor-id=\"6\" rel=\"nofollow noopener\" target=\"_blank\">servi\u00e7o<\/a> acordo.<\/p>\n<p>3\u3001Voc\u00ea concorda que podemos divulgar ou usar suas informa\u00e7\u00f5es pessoais para proteger sua vida, propriedade ou para evitar viola\u00e7\u00f5es graves dos direitos e interesses leg\u00edtimos de terceiros ou para o interesse p\u00fablico.<\/p>\n<p>4\u3001Voc\u00ea concorda que podemos divulgar ou usar suas informa\u00e7\u00f5es pessoais para melhorar nossos servi\u00e7os e torn\u00e1-los mais alinhados \u00e0s suas necessidades, para que voc\u00ea tenha uma melhor experi\u00eancia ao usar nossos servi\u00e7os.<\/p>\n<p>Voc\u00ea concorda que podemos usar suas informa\u00e7\u00f5es pessoais para contat\u00e1-lo e fornecer informa\u00e7\u00f5es de seu interesse, como informa\u00e7\u00f5es sobre produtos. Sua aceita\u00e7\u00e3o do \u201cContrato de Servi\u00e7o\u201d e desta Pol\u00edtica de Privacidade \u00e9 um consentimento expresso para receber tais informa\u00e7\u00f5es.<\/p>\n<p>Divulgaremos suas informa\u00e7\u00f5es de boa-f\u00e9 quando formos obrigados a faz\u00ea-lo por lei ou em resposta a uma solicita\u00e7\u00e3o governamental.<\/p>\n<p>\u00a0<\/p>\n<p><br \/>Armazenamento e troca de informa\u00e7\u00f5es<\/p>\n<p>As informa\u00e7\u00f5es e dados coletados do usu\u00e1rio ser\u00e3o armazenados nos servidores deste site.<\/p>\n<p><br \/>Links externos<\/p>\n<p>Este site cont\u00e9m links para outros sites, este site n\u00e3o \u00e9 respons\u00e1vel pelas pr\u00e1ticas de privacidade desses sites, podemos adicionar sites de parceiros de neg\u00f3cios a qualquer momento, conforme necess\u00e1rio.<\/p>\n<p><br \/>Seguran\u00e7a<\/p>\n<p>Nosso site tem medidas de seguran\u00e7a para garantir que as informa\u00e7\u00f5es que mantemos n\u00e3o sejam perdidas, mal utilizadas ou alteradas. Essas medidas de seguran\u00e7a incluem backup de dados em outros servidores e criptografia de senhas de usu\u00e1rios. Embora tenhamos essas medidas de seguran\u00e7a em vigor, observe que n\u00e3o existe &quot;seguran\u00e7a perfeita&quot; na Internet.<\/p>\n<p><br \/>Contate-nos<\/p>\n<p>Se voc\u00ea tiver algum coment\u00e1rio ou sugest\u00e3o sobre esta Pol\u00edtica de Privacidade ou as pr\u00e1ticas de privacidade deste site, ou d\u00favidas sobre seu uso, entre em contato conosco.<\/p>\n<p>Links de terceiros<\/p>\n<p>Este site pode conter links para sites ou sites de terceiros. O acesso a esses links fica a crit\u00e9rio do usu\u00e1rio, e a Shunyou Logistics n\u00e3o garante a precis\u00e3o, integridade, adequa\u00e7\u00e3o ou confiabilidade de nenhuma informa\u00e7\u00e3o, dado, opini\u00e3o, gr\u00e1fico, declara\u00e7\u00e3o ou recomenda\u00e7\u00e3o fornecida nesses links. A ShunYou Logistics fornece esses links apenas como uma conveni\u00eancia e n\u00e3o implica endosso ou recomenda\u00e7\u00e3o pela ShunYou Logistics dessas informa\u00e7\u00f5es, nem se destina a fins promocionais ou publicit\u00e1rios.<\/p>\n<p>\u00a0<\/p>\n\t\t\t\t\t\t\t\t<\/div>\n\t\t\t\t<\/div>\n\t\t\t\t\t<\/div>\n\t\t<\/div>\n\t\t\t\t\t<\/div>\n\t\t<\/section>\n\t\t\t\t<\/div>","protected":false},"excerpt":{"rendered":"<p>Welcome to the HSD Logistics website! We are committed to protecting the privacy of our visitors with this Privacy Policy. Please be sure to read this entire Privacy Policy before using this website or providing information to us. This Privacy Policy is a work in progress and will be updated from time to time as [&hellip;]<\/p>","protected":false},"author":2,"featured_media":0,"parent":0,"menu_order":0,"comment_status":"closed","ping_status":"open","template":"","meta":{"footnotes":""},"class_list":["post-2506","page","type-page","status-publish","hentry"],"blocksy_meta":[],"_hostinger_reach_plugin_has_subscription_block":false,"_hostinger_reach_plugin_is_elementor":false,"_links":{"self":[{"href":"https:\/\/www.ytddp.com\/pt\/wp-json\/wp\/v2\/pages\/2506","targetHints":{"allow":["GET"]}}],"collection":[{"href":"https:\/\/www.ytddp.com\/pt\/wp-json\/wp\/v2\/pages"}],"about":[{"href":"https:\/\/www.ytddp.com\/pt\/wp-json\/wp\/v2\/types\/page"}],"author":[{"embeddable":true,"href":"https:\/\/www.ytddp.com\/pt\/wp-json\/wp\/v2\/users\/2"}],"replies":[{"embeddable":true,"href":"https:\/\/www.ytddp.com\/pt\/wp-json\/wp\/v2\/comments?post=2506"}],"version-history":[{"count":0,"href":"https:\/\/www.ytddp.com\/pt\/wp-json\/wp\/v2\/pages\/2506\/revisions"}],"wp:attachment":[{"href":"https:\/\/www.ytddp.com\/pt\/wp-json\/wp\/v2\/media?parent=2506"}],"curies":[{"name":"wp","href":"https:\/\/api.w.org\/{rel}","templated":true}]}}